{"id":102097,"date":"2021-01-06T14:01:22","date_gmt":"2021-01-06T14:01:22","guid":{"rendered":"https:\/\/gaertnerlichtobjekte.de\/legal-notice\/"},"modified":"2025-06-14T08:50:12","modified_gmt":"2025-06-14T08:50:12","slug":"legal-notice","status":"publish","type":"page","link":"https:\/\/gaertnerlichtobjekte.de\/en\/legal-notice\/","title":{"rendered":"Legal Notice"},"content":{"rendered":"<section data-vc-full-width=\"true\" data-vc-full-width-init=\"false\" data-vc-stretch-content=\"true\" class=\"vc_row wpb_row vc_row-fluid impressum-container vc_custom_1609766571519   hongo-stretch-content vc_row-no-padding hongo-stretch-content-fluid  hongo_responsive_1609766571521\"><div class=\"wpb_column vc_column_container col-xs-mobile-fullwidth vc_col-sm-12\"><div class=\"vc_column-inner\"><div class=\"wpb_wrapper\">[vc_custom_heading source=&#8221;post_title&#8221; font_container=&#8221;tag:h2|text_align:left|color:%23000000&#8243; use_theme_fonts=&#8221;yes&#8221; css=&#8221;.vc_custom_1609692945981{margin-bottom: 20px !important;border-bottom-width: 1px !important;border-bottom-color: #b88b5f !important;border-bottom-style: solid !important;}&#8221;]<div class=\"text-block-content hongo-text-block-1 last-paragraph-no-margin\"><h4>August G\u00e4rtner G\u00e4rtnerdesign Lichtobjekte<\/h4>\n<p>Haynauer Stra\u00dfe 67a,<br \/>\n12249 Berlin<\/p>\n<p>Telefon: +49 30 335 90 93<br \/>\nTelefax: +49 30 336 30 04<br \/>\nE-Mail: <a href=\"mailto:info@gaertnerlichtobjekte.de\">info@gaertnerlichtobjekte.de<\/a><br \/>\nInternet: <a href=\"https:\/\/gaertnerlichtobjekte.de\/en\/\">gaertnerlichtobjekte.de<\/a><\/p>\n<p>Managing Director: Jan Gosau<br \/>\nCommercial register: HRA 8254<br \/>\nRegister court: AG Berlin-Charlottenburg<br \/>\nVAT ID: DE266461520<\/p>\n<h4>EU Dispute Resolution<\/h4>\n<p>The European Commission provides a platform for online dispute resolution (OS): <a href=\"https:\/\/ec.europa.eu\/consumers\/odr\">https:\/\/ec.europa.eu\/consumers\/odr<\/a>. You can find our e-mail address above.<\/p>\n<h4>Consumer dispute resolution\/universal dispute resolution body<\/h4>\n<p>We are not willing or obliged to participate in dispute resolution proceedings before a consumer arbitration board.<\/p>\n<h4>Liability for contents<\/h4>\n<p>As a service provider, we are responsible for our own content on these pages in accordance with \u00a7 7 paragraph 1 TMG under the general laws. According to \u00a7\u00a7 8 to 10 TMG, we are not obligated to monitor transmitted or stored information or to investigate circumstances that indicate illegal activity.<br \/>\nObligations to remove or block the use of information under the general laws remain unaffected. However, liability in this regard is only possible from the point in time at which a concrete infringement of the law becomes known. If we become aware of any such infringements, we will remove the relevant content immediately.<\/p>\n<h4>Liability for links<\/h4>\n<p>Our offer contains links to external websites of third parties, on whose contents we have no influence. Therefore, we cannot assume any liability for these external contents. The respective provider or operator of the sites is always responsible for the content of the linked sites. The linked pages were checked for possible legal violations at the time of linking. Illegal contents were not recognizable at the time of linking. However, a permanent control of the contents of the linked pages is not reasonable without concrete evidence of a violation of the law. If we become aware of any infringements, we will remove such links immediately.<\/p>\n<h4>Copyright<\/h4>\n<p>The contents and works created by the site operators on these pages are subject to German copyright law. Hence, duplication, processing, distribution, or any form of commercialization of such material beyond the scope of the copyright law shall require the prior written consent of its respective author or creator. Downloads and copies of this site are only permitted for private, non-commercial use.<br \/>\nInsofar as the content on this site was not created by the operator, the copyrights of third parties are respected. In particular, third-party content is identified as such. Nevertheless, should you become aware of a copyright infringement, please inform us accordingly. If we become aware of any infringements, we will remove such content immediately.<\/p>\n<\/div><\/div><\/div><\/div><\/section><div class=\"vc_row-full-width vc_clearfix\"><\/div><section class=\"vc_row wpb_row vc_row-fluid\"><div class=\"wpb_column vc_column_container col-xs-mobile-fullwidth vc_col-sm-12\"><div class=\"vc_column-inner\"><div class=\"wpb_wrapper\"><div class=\"text-block-content hongo-text-block-2 last-paragraph-no-margin\"><div class=\"woocommerce woocommerce-gzd woocommerce-gzd-complaints-shortcode\">\n\t<h3>Alternative Dispute Resolution in accordance with Art. 14 (1) ODR-VO and \u00a7 36 VSBG:<\/h3>\n\n<p>The european commission provides a platform for online dispute resolution (OS) which is accessible at <a href=\"https:\/\/ec.europa.eu\/consumers\/odr\" target=\"_blank\">https:\/\/ec.europa.eu\/consumers\/odr<\/a>. We are not obliged nor willing to participate in dispute settlement proceedings before a consumer arbitration board.<\/p>\n<\/div>\n<\/div><\/div><\/div><\/div><\/section>\n","protected":false},"excerpt":{"rendered":"[vc_custom_heading source=\"post_title\" font_container=\"tag:h2|text_align:left|color:%23000000\" use_theme_fonts=\"yes\" css=\".vc_custom_1609692945981{margin-bottom: 20px !important;border-bottom-width: 1px !important;border-bottom-color: #b88b5f !important;border-bottom-style: solid !important;}\"]August G\u00e4rtner G\u00e4rtnerdesign Lichtobjekte Haynauer Stra\u00dfe 67a, 12249 Berlin Telefon: +49 30 335 90 93 Telefax: +49 30 336 30 04 E-Mail: info@gaertnerlichtobjekte.de Internet: gaertnerlichtobjekte.de Managing Director: Jan Gosau Commercial register: HRA 8254 Register court: AG Berlin-Charlottenburg VAT ID: DE266461520 EU Dispute Resolution The European Commission provides a platform for online dispute resolution (OS): https:\/\/ec.europa.eu\/consumers\/odr. You can find our e-mail address above. Consumer dispute resolution\/universal dispute resolution body We are not willing or obliged to participate in dispute resolution proceedings before a consumer arbitration board. Liability for contents As a service provider, we are responsible for our own content on these pages in accordance with \u00a7 7 paragraph 1 TMG under the general laws. According to \u00a7\u00a7 8 to 10 TMG, we are not obligated to monitor transmitted or stored information or to investigate circumstances that indicate illegal activity. Obligations to remove or block the use of information under the general laws remain unaffected. However, liability in this regard is only possible from the point in time at which a concrete infringement of the law becomes known. If we become aware of any such infringements, we will remove...","protected":false},"author":9,"featured_media":0,"parent":0,"menu_order":0,"comment_status":"closed","ping_status":"closed","template":"","meta":{"inline_featured_image":false,"footnotes":""},"class_list":["post-102097","page","type-page","status-publish","hentry"],"yoast_head":"<!-- This site is optimized with the Yoast SEO plugin v25.2 - https:\/\/yoast.com\/wordpress\/plugins\/seo\/ -->\n<title>Legal Notice - August G\u00e4rtner G\u00e4rtnerdesign Lichtobjekte<\/title>\n<meta name=\"description\" content=\"Legal Notice. August G\u00e4rtner G\u00e4rtnerdesign Lichtobjekte e.K. from Berlin. All information about our company can be found in the Legal Notice.\" \/>\n<meta name=\"robots\" content=\"index, follow, max-snippet:-1, max-image-preview:large, max-video-preview:-1\" \/>\n<link rel=\"canonical\" href=\"https:\/\/gaertnerlichtobjekte.de\/en\/legal-notice\/\" \/>\n<meta property=\"og:locale\" content=\"en_US\" \/>\n<meta property=\"og:type\" content=\"article\" \/>\n<meta property=\"og:title\" content=\"Legal Notice - August G\u00e4rtner G\u00e4rtnerdesign Lichtobjekte\" \/>\n<meta property=\"og:description\" content=\"Legal Notice. August G\u00e4rtner G\u00e4rtnerdesign Lichtobjekte e.K. from Berlin. All information about our company can be found in the Legal Notice.\" \/>\n<meta property=\"og:url\" content=\"https:\/\/gaertnerlichtobjekte.de\/en\/legal-notice\/\" \/>\n<meta property=\"og:site_name\" content=\"G\u00e4rtner Lichtobjekte\" \/>\n<meta property=\"article:modified_time\" content=\"2025-06-14T08:50:12+00:00\" \/>\n<meta name=\"twitter:card\" content=\"summary_large_image\" \/>\n<meta name=\"twitter:label1\" content=\"Est. reading time\" \/>\n\t<meta name=\"twitter:data1\" content=\"2 minutes\" \/>\n<script type=\"application\/ld+json\" class=\"yoast-schema-graph\">{\"@context\":\"https:\/\/schema.org\",\"@graph\":[{\"@type\":\"WebPage\",\"@id\":\"https:\/\/gaertnerlichtobjekte.de\/en\/legal-notice\/\",\"url\":\"https:\/\/gaertnerlichtobjekte.de\/en\/legal-notice\/\",\"name\":\"Legal Notice - August G\u00e4rtner G\u00e4rtnerdesign Lichtobjekte\",\"isPartOf\":{\"@id\":\"https:\/\/gaertnerlichtobjekte.de\/en\/#website\"},\"datePublished\":\"2021-01-06T14:01:22+00:00\",\"dateModified\":\"2025-06-14T08:50:12+00:00\",\"description\":\"Legal Notice. August G\u00e4rtner G\u00e4rtnerdesign Lichtobjekte e.K. from Berlin. All information about our company can be found in the Legal Notice.\",\"breadcrumb\":{\"@id\":\"https:\/\/gaertnerlichtobjekte.de\/en\/legal-notice\/#breadcrumb\"},\"inLanguage\":\"en-US\",\"potentialAction\":[{\"@type\":\"ReadAction\",\"target\":[\"https:\/\/gaertnerlichtobjekte.de\/en\/legal-notice\/\"]}]},{\"@type\":\"BreadcrumbList\",\"@id\":\"https:\/\/gaertnerlichtobjekte.de\/en\/legal-notice\/#breadcrumb\",\"itemListElement\":[{\"@type\":\"ListItem\",\"position\":1,\"name\":\"Home\",\"item\":\"https:\/\/gaertnerlichtobjekte.de\/en\/home-page\/\"},{\"@type\":\"ListItem\",\"position\":2,\"name\":\"Legal Notice\"}]},{\"@type\":\"WebSite\",\"@id\":\"https:\/\/gaertnerlichtobjekte.de\/en\/#website\",\"url\":\"https:\/\/gaertnerlichtobjekte.de\/en\/\",\"name\":\"G\u00e4rtner Lichtobjekte\",\"description\":\"\",\"potentialAction\":[{\"@type\":\"SearchAction\",\"target\":{\"@type\":\"EntryPoint\",\"urlTemplate\":\"https:\/\/gaertnerlichtobjekte.de\/en\/?s={search_term_string}\"},\"query-input\":{\"@type\":\"PropertyValueSpecification\",\"valueRequired\":true,\"valueName\":\"search_term_string\"}}],\"inLanguage\":\"en-US\"}]}<\/script>\n<!-- \/ Yoast SEO plugin. -->","yoast_head_json":{"title":"Legal Notice - August G\u00e4rtner G\u00e4rtnerdesign Lichtobjekte","description":"Legal Notice. August G\u00e4rtner G\u00e4rtnerdesign Lichtobjekte e.K. from Berlin. All information about our company can be found in the Legal Notice.","robots":{"index":"index","follow":"follow","max-snippet":"max-snippet:-1","max-image-preview":"max-image-preview:large","max-video-preview":"max-video-preview:-1"},"canonical":"https:\/\/gaertnerlichtobjekte.de\/en\/legal-notice\/","og_locale":"en_US","og_type":"article","og_title":"Legal Notice - August G\u00e4rtner G\u00e4rtnerdesign Lichtobjekte","og_description":"Legal Notice. August G\u00e4rtner G\u00e4rtnerdesign Lichtobjekte e.K. from Berlin. All information about our company can be found in the Legal Notice.","og_url":"https:\/\/gaertnerlichtobjekte.de\/en\/legal-notice\/","og_site_name":"G\u00e4rtner Lichtobjekte","article_modified_time":"2025-06-14T08:50:12+00:00","twitter_card":"summary_large_image","twitter_misc":{"Est. reading time":"2 minutes"},"schema":{"@context":"https:\/\/schema.org","@graph":[{"@type":"WebPage","@id":"https:\/\/gaertnerlichtobjekte.de\/en\/legal-notice\/","url":"https:\/\/gaertnerlichtobjekte.de\/en\/legal-notice\/","name":"Legal Notice - August G\u00e4rtner G\u00e4rtnerdesign Lichtobjekte","isPartOf":{"@id":"https:\/\/gaertnerlichtobjekte.de\/en\/#website"},"datePublished":"2021-01-06T14:01:22+00:00","dateModified":"2025-06-14T08:50:12+00:00","description":"Legal Notice. August G\u00e4rtner G\u00e4rtnerdesign Lichtobjekte e.K. from Berlin. All information about our company can be found in the Legal Notice.","breadcrumb":{"@id":"https:\/\/gaertnerlichtobjekte.de\/en\/legal-notice\/#breadcrumb"},"inLanguage":"en-US","potentialAction":[{"@type":"ReadAction","target":["https:\/\/gaertnerlichtobjekte.de\/en\/legal-notice\/"]}]},{"@type":"BreadcrumbList","@id":"https:\/\/gaertnerlichtobjekte.de\/en\/legal-notice\/#breadcrumb","itemListElement":[{"@type":"ListItem","position":1,"name":"Home","item":"https:\/\/gaertnerlichtobjekte.de\/en\/home-page\/"},{"@type":"ListItem","position":2,"name":"Legal Notice"}]},{"@type":"WebSite","@id":"https:\/\/gaertnerlichtobjekte.de\/en\/#website","url":"https:\/\/gaertnerlichtobjekte.de\/en\/","name":"G\u00e4rtner Lichtobjekte","description":"","potentialAction":[{"@type":"SearchAction","target":{"@type":"EntryPoint","urlTemplate":"https:\/\/gaertnerlichtobjekte.de\/en\/?s={search_term_string}"},"query-input":{"@type":"PropertyValueSpecification","valueRequired":true,"valueName":"search_term_string"}}],"inLanguage":"en-US"}]}},"_links":{"self":[{"href":"https:\/\/gaertnerlichtobjekte.de\/en\/wp-json\/wp\/v2\/pages\/102097","targetHints":{"allow":["GET"]}}],"collection":[{"href":"https:\/\/gaertnerlichtobjekte.de\/en\/wp-json\/wp\/v2\/pages"}],"about":[{"href":"https:\/\/gaertnerlichtobjekte.de\/en\/wp-json\/wp\/v2\/types\/page"}],"author":[{"embeddable":true,"href":"https:\/\/gaertnerlichtobjekte.de\/en\/wp-json\/wp\/v2\/users\/9"}],"replies":[{"embeddable":true,"href":"https:\/\/gaertnerlichtobjekte.de\/en\/wp-json\/wp\/v2\/comments?post=102097"}],"version-history":[{"count":0,"href":"https:\/\/gaertnerlichtobjekte.de\/en\/wp-json\/wp\/v2\/pages\/102097\/revisions"}],"wp:attachment":[{"href":"https:\/\/gaertnerlichtobjekte.de\/en\/wp-json\/wp\/v2\/media?parent=102097"}],"curies":[{"name":"wp","href":"https:\/\/api.w.org\/{rel}","templated":true}]}}