{"id":105215,"date":"2021-01-15T11:16:22","date_gmt":"2021-01-15T11:16:22","guid":{"rendered":"https:\/\/gaertnerlichtobjekte.de\/payment-methods\/"},"modified":"2021-04-29T15:02:14","modified_gmt":"2021-04-29T15:02:14","slug":"payment-methods","status":"publish","type":"page","link":"https:\/\/gaertnerlichtobjekte.de\/en\/payment-methods\/","title":{"rendered":"Payment Methods"},"content":{"rendered":"<section data-vc-full-width=\"true\" data-vc-full-width-init=\"false\" data-vc-stretch-content=\"true\" class=\"vc_row wpb_row vc_row-fluid dataprivacy-container vc_custom_1611749153114   hongo-stretch-content vc_row-no-padding hongo-stretch-content-fluid  hongo_responsive_1611749153119\"><div class=\"wpb_column vc_column_container col-xs-mobile-fullwidth vc_col-sm-12\"><div class=\"vc_column-inner\"><div class=\"wpb_wrapper\">[vc_custom_heading source=&#8221;post_title&#8221; font_container=&#8221;tag:h2|text_align:left|color:%23000000&#8243; use_theme_fonts=&#8221;yes&#8221; css=&#8221;.vc_custom_1609691685830{margin-bottom: 20px !important;border-bottom-width: 1px !important;border-bottom-color: #b88b5f !important;border-bottom-style: solid !important;}&#8221;]<div class=\"text-block-content hongo-text-block-1 vc_custom_1619708433645 last-paragraph-no-margin\"><p>You can order online from us using the following payment methods:<\/p>\n<ul>\n<li>Direct bank transfer Prepayment &#8211; Payment is made after receipt of the order confirmation.<\/li>\n<li>Credit card (MasterCard, Visa) &#8211; Your credit card will be charged after your order has been received.<\/li>\n<li>PayPal &#8211; Your PayPal account will be charged after your order has been received.<\/li>\n<\/ul>\n<p>You can find more information about the payment methods in our <a href=\"https:\/\/gaertnerlichtobjekte.de\/en\/terms-and-conditions\/\" target=\"_blank\" rel=\"noopener\">Terms and Conditions<\/a>.<\/p>\n<p>Dealer conditions are available <a href=\"https:\/\/gaertnerlichtobjekte.de\/en\/contact\/\">on request<\/a>, with a valid trade license.<\/p>\n<\/div><\/div><\/div><\/div><\/section><div class=\"vc_row-full-width vc_clearfix\"><\/div>\n","protected":false},"excerpt":{"rendered":"[vc_custom_heading source=\"post_title\" font_container=\"tag:h2|text_align:left|color:%23000000\" use_theme_fonts=\"yes\" css=\".vc_custom_1609691685830{margin-bottom: 20px !important;border-bottom-width: 1px !important;border-bottom-color: #b88b5f !important;border-bottom-style: solid !important;}\"]You can order online from us using the following payment methods: Direct bank transfer Prepayment - Payment is made after receipt of the order confirmation. Credit card (MasterCard, Visa) - Your credit card will be charged after your order has been received. PayPal - Your PayPal account will be charged after your order has been received. You can find more information about the payment methods in our Terms and Conditions. Dealer conditions are available on request, with a valid trade license.","protected":false},"author":9,"featured_media":0,"parent":0,"menu_order":0,"comment_status":"closed","ping_status":"closed","template":"","meta":{"inline_featured_image":false,"footnotes":""},"class_list":["post-105215","page","type-page","status-publish","hentry"],"yoast_head":"<!-- This site is optimized with the Yoast SEO plugin v25.2 - https:\/\/yoast.com\/wordpress\/plugins\/seo\/ -->\n<title>Payment Methods - August G\u00e4rtner G\u00e4rtnerdesign Lichtobjekte<\/title>\n<meta name=\"description\" content=\"Payment Methods. At G\u00e4rtnerdesign Lichtobjekte we offer convenient payment options: \u2022 Paypal \u2022 Credit Card \u2022 Bank Transfer.\" \/>\n<meta name=\"robots\" content=\"index, follow, max-snippet:-1, max-image-preview:large, max-video-preview:-1\" \/>\n<link rel=\"canonical\" href=\"https:\/\/gaertnerlichtobjekte.de\/en\/payment-methods\/\" \/>\n<meta property=\"og:locale\" content=\"en_US\" \/>\n<meta property=\"og:type\" content=\"article\" \/>\n<meta property=\"og:title\" content=\"Payment Methods - August G\u00e4rtner G\u00e4rtnerdesign Lichtobjekte\" \/>\n<meta property=\"og:description\" content=\"Payment Methods. At G\u00e4rtnerdesign Lichtobjekte we offer convenient payment options: \u2022 Paypal \u2022 Credit Card \u2022 Bank Transfer.\" \/>\n<meta property=\"og:url\" content=\"https:\/\/gaertnerlichtobjekte.de\/en\/payment-methods\/\" \/>\n<meta property=\"og:site_name\" content=\"G\u00e4rtner Lichtobjekte\" \/>\n<meta property=\"article:modified_time\" content=\"2021-04-29T15:02:14+00:00\" \/>\n<meta name=\"twitter:card\" content=\"summary_large_image\" \/>\n<meta name=\"twitter:label1\" content=\"Est. reading time\" \/>\n\t<meta name=\"twitter:data1\" content=\"1 minute\" \/>\n<script type=\"application\/ld+json\" class=\"yoast-schema-graph\">{\"@context\":\"https:\/\/schema.org\",\"@graph\":[{\"@type\":\"WebPage\",\"@id\":\"https:\/\/gaertnerlichtobjekte.de\/en\/payment-methods\/\",\"url\":\"https:\/\/gaertnerlichtobjekte.de\/en\/payment-methods\/\",\"name\":\"Payment Methods - August G\u00e4rtner G\u00e4rtnerdesign Lichtobjekte\",\"isPartOf\":{\"@id\":\"https:\/\/gaertnerlichtobjekte.de\/en\/#website\"},\"datePublished\":\"2021-01-15T11:16:22+00:00\",\"dateModified\":\"2021-04-29T15:02:14+00:00\",\"description\":\"Payment Methods. At G\u00e4rtnerdesign Lichtobjekte we offer convenient payment options: \u2022 Paypal \u2022 Credit Card \u2022 Bank Transfer.\",\"breadcrumb\":{\"@id\":\"https:\/\/gaertnerlichtobjekte.de\/en\/payment-methods\/#breadcrumb\"},\"inLanguage\":\"en-US\",\"potentialAction\":[{\"@type\":\"ReadAction\",\"target\":[\"https:\/\/gaertnerlichtobjekte.de\/en\/payment-methods\/\"]}]},{\"@type\":\"BreadcrumbList\",\"@id\":\"https:\/\/gaertnerlichtobjekte.de\/en\/payment-methods\/#breadcrumb\",\"itemListElement\":[{\"@type\":\"ListItem\",\"position\":1,\"name\":\"Home\",\"item\":\"https:\/\/gaertnerlichtobjekte.de\/en\/home-page\/\"},{\"@type\":\"ListItem\",\"position\":2,\"name\":\"Payment Methods\"}]},{\"@type\":\"WebSite\",\"@id\":\"https:\/\/gaertnerlichtobjekte.de\/en\/#website\",\"url\":\"https:\/\/gaertnerlichtobjekte.de\/en\/\",\"name\":\"G\u00e4rtner Lichtobjekte\",\"description\":\"\",\"potentialAction\":[{\"@type\":\"SearchAction\",\"target\":{\"@type\":\"EntryPoint\",\"urlTemplate\":\"https:\/\/gaertnerlichtobjekte.de\/en\/?s={search_term_string}\"},\"query-input\":{\"@type\":\"PropertyValueSpecification\",\"valueRequired\":true,\"valueName\":\"search_term_string\"}}],\"inLanguage\":\"en-US\"}]}<\/script>\n<!-- \/ Yoast SEO plugin. -->","yoast_head_json":{"title":"Payment Methods - August G\u00e4rtner G\u00e4rtnerdesign Lichtobjekte","description":"Payment Methods. At G\u00e4rtnerdesign Lichtobjekte we offer convenient payment options: \u2022 Paypal \u2022 Credit Card \u2022 Bank Transfer.","robots":{"index":"index","follow":"follow","max-snippet":"max-snippet:-1","max-image-preview":"max-image-preview:large","max-video-preview":"max-video-preview:-1"},"canonical":"https:\/\/gaertnerlichtobjekte.de\/en\/payment-methods\/","og_locale":"en_US","og_type":"article","og_title":"Payment Methods - August G\u00e4rtner G\u00e4rtnerdesign Lichtobjekte","og_description":"Payment Methods. At G\u00e4rtnerdesign Lichtobjekte we offer convenient payment options: \u2022 Paypal \u2022 Credit Card \u2022 Bank Transfer.","og_url":"https:\/\/gaertnerlichtobjekte.de\/en\/payment-methods\/","og_site_name":"G\u00e4rtner Lichtobjekte","article_modified_time":"2021-04-29T15:02:14+00:00","twitter_card":"summary_large_image","twitter_misc":{"Est. reading time":"1 minute"},"schema":{"@context":"https:\/\/schema.org","@graph":[{"@type":"WebPage","@id":"https:\/\/gaertnerlichtobjekte.de\/en\/payment-methods\/","url":"https:\/\/gaertnerlichtobjekte.de\/en\/payment-methods\/","name":"Payment Methods - August G\u00e4rtner G\u00e4rtnerdesign Lichtobjekte","isPartOf":{"@id":"https:\/\/gaertnerlichtobjekte.de\/en\/#website"},"datePublished":"2021-01-15T11:16:22+00:00","dateModified":"2021-04-29T15:02:14+00:00","description":"Payment Methods. At G\u00e4rtnerdesign Lichtobjekte we offer convenient payment options: \u2022 Paypal \u2022 Credit Card \u2022 Bank Transfer.","breadcrumb":{"@id":"https:\/\/gaertnerlichtobjekte.de\/en\/payment-methods\/#breadcrumb"},"inLanguage":"en-US","potentialAction":[{"@type":"ReadAction","target":["https:\/\/gaertnerlichtobjekte.de\/en\/payment-methods\/"]}]},{"@type":"BreadcrumbList","@id":"https:\/\/gaertnerlichtobjekte.de\/en\/payment-methods\/#breadcrumb","itemListElement":[{"@type":"ListItem","position":1,"name":"Home","item":"https:\/\/gaertnerlichtobjekte.de\/en\/home-page\/"},{"@type":"ListItem","position":2,"name":"Payment Methods"}]},{"@type":"WebSite","@id":"https:\/\/gaertnerlichtobjekte.de\/en\/#website","url":"https:\/\/gaertnerlichtobjekte.de\/en\/","name":"G\u00e4rtner Lichtobjekte","description":"","potentialAction":[{"@type":"SearchAction","target":{"@type":"EntryPoint","urlTemplate":"https:\/\/gaertnerlichtobjekte.de\/en\/?s={search_term_string}"},"query-input":{"@type":"PropertyValueSpecification","valueRequired":true,"valueName":"search_term_string"}}],"inLanguage":"en-US"}]}},"_links":{"self":[{"href":"https:\/\/gaertnerlichtobjekte.de\/en\/wp-json\/wp\/v2\/pages\/105215","targetHints":{"allow":["GET"]}}],"collection":[{"href":"https:\/\/gaertnerlichtobjekte.de\/en\/wp-json\/wp\/v2\/pages"}],"about":[{"href":"https:\/\/gaertnerlichtobjekte.de\/en\/wp-json\/wp\/v2\/types\/page"}],"author":[{"embeddable":true,"href":"https:\/\/gaertnerlichtobjekte.de\/en\/wp-json\/wp\/v2\/users\/9"}],"replies":[{"embeddable":true,"href":"https:\/\/gaertnerlichtobjekte.de\/en\/wp-json\/wp\/v2\/comments?post=105215"}],"version-history":[{"count":0,"href":"https:\/\/gaertnerlichtobjekte.de\/en\/wp-json\/wp\/v2\/pages\/105215\/revisions"}],"wp:attachment":[{"href":"https:\/\/gaertnerlichtobjekte.de\/en\/wp-json\/wp\/v2\/media?parent=105215"}],"curies":[{"name":"wp","href":"https:\/\/api.w.org\/{rel}","templated":true}]}}